{"id":2670,"date":"2023-07-04T12:07:45","date_gmt":"2023-07-04T12:07:45","guid":{"rendered":"https:\/\/esciencia.es\/?page_id=2670"},"modified":"2024-11-19T15:54:50","modified_gmt":"2024-11-19T15:54:50","slug":"la-opinion-del-cliente","status":"publish","type":"page","link":"https:\/\/esciencia.es\/en\/la-opinion-del-cliente\/","title":{"rendered":"What do they say"},"content":{"rendered":"<div data-elementor-type=\"wp-page\" data-elementor-id=\"2670\" class=\"elementor elementor-2670\">\n\t\t\t\t\t\t\t\t\t<section class=\"elementor-section elementor-top-section elementor-element elementor-element-d14616e elementor-hidden-mobile elementor-section-boxed elementor-section-height-default elementor-section-height-default\" data-id=\"d14616e\" data-element_type=\"section\">\n\t\t\t\t\t\t<div class=\"elementor-container elementor-column-gap-default\">\n\t\t\t\t\t<div class=\"elementor-column elementor-col-100 elementor-top-column elementor-element elementor-element-721500f\" data-id=\"721500f\" data-element_type=\"column\">\n\t\t\t<div class=\"elementor-widget-wrap elementor-element-populated\">\n\t\t\t\t\t\t\t\t<div class=\"elementor-element elementor-element-d74b38e elementor-widget elementor-widget-spacer\" data-id=\"d74b38e\" data-element_type=\"widget\" data-widget_type=\"spacer.default\">\n\t\t\t\t<div class=\"elementor-widget-container\">\n\t\t\t<style>\/*! elementor - v3.11.5 - 14-03-2023 *\/\n.elementor-column .elementor-spacer-inner{height:var(--spacer-size)}.e-con{--container-widget-width:100%}.e-con-inner>.elementor-widget-spacer,.e-con>.elementor-widget-spacer{width:var(--container-widget-width,var(--spacer-size));--align-self:var(--container-widget-align-self,initial);--flex-shrink:0}.e-con-inner>.elementor-widget-spacer>.elementor-widget-container,.e-con-inner>.elementor-widget-spacer>.elementor-widget-container>.elementor-spacer,.e-con>.elementor-widget-spacer>.elementor-widget-container,.e-con>.elementor-widget-spacer>.elementor-widget-container>.elementor-spacer{height:100%}.e-con-inner>.elementor-widget-spacer>.elementor-widget-container>.elementor-spacer>.elementor-spacer-inner,.e-con>.elementor-widget-spacer>.elementor-widget-container>.elementor-spacer>.elementor-spacer-inner{height:var(--container-widget-height,var(--spacer-size))}<\/style>\t\t<div class=\"elementor-spacer\">\n\t\t\t<div class=\"elementor-spacer-inner\"><\/div>\n\t\t<\/div>\n\t\t\t\t<\/div>\n\t\t\t\t<\/div>\n\t\t\t\t\t<\/div>\n\t\t<\/div>\n\t\t\t\t\t\t\t<\/div>\n\t\t<\/section>\n\t\t\t\t<section class=\"elementor-section elementor-top-section elementor-element elementor-element-fde5b9b elementor-section-boxed elementor-section-height-default elementor-section-height-default\" data-id=\"fde5b9b\" data-element_type=\"section\">\n\t\t\t\t\t\t<div class=\"elementor-container elementor-column-gap-default\">\n\t\t\t\t\t<div class=\"elementor-column elementor-col-100 elementor-top-column elementor-element elementor-element-5a83e14\" data-id=\"5a83e14\" data-element_type=\"column\">\n\t\t\t<div class=\"elementor-widget-wrap elementor-element-populated\">\n\t\t\t\t\t\t\t\t<div class=\"elementor-element elementor-element-d1a80b6 elementor-widget elementor-widget-text-editor\" data-id=\"d1a80b6\" data-element_type=\"widget\" data-widget_type=\"text-editor.default\">\n\t\t\t\t<div class=\"elementor-widget-container\">\n\t\t\t<style>\/*! elementor - v3.11.5 - 14-03-2023 *\/\n.elementor-widget-text-editor.elementor-drop-cap-view-stacked .elementor-drop-cap{background-color:#818a91;color:#fff}.elementor-widget-text-editor.elementor-drop-cap-view-framed .elementor-drop-cap{color:#818a91;border:3px solid;background-color:transparent}.elementor-widget-text-editor:not(.elementor-drop-cap-view-default) .elementor-drop-cap{margin-top:8px}.elementor-widget-text-editor:not(.elementor-drop-cap-view-default) .elementor-drop-cap-letter{width:1em;height:1em}.elementor-widget-text-editor .elementor-drop-cap{float:left;text-align:center;line-height:1;font-size:50px}.elementor-widget-text-editor .elementor-drop-cap-letter{display:inline-block}<\/style>\t\t\t\t<p style=\"font-size: 32px; text-align: center; background-color: rgba(255, 255, 255, 0.39);\"><b>OUR CLIENTS' OPINION IS ESSENTIAL FOR\u00a0<span style=\"background-color: rgba(255, 255, 255, 0); font-size: 2rem; letter-spacing: 0px;\">OUR DAILY WORK!<\/span><\/b><\/p>\n<p style=\"font-size: 32px; text-align: center; background-color: rgba(255, 255, 255, 0.39); margin-top: -45px\"><span style=\"color: #41aeef;\"><span style=\"font-weight: bolder;\">Thank you very much for your reviews!<\/span><\/span><\/p>\t\t\t\t\t\t<\/div>\n\t\t\t\t<\/div>\n\t\t\t\t\t<\/div>\n\t\t<\/div>\n\t\t\t\t\t\t\t<\/div>\n\t\t<\/section>\n\t\t\t\t<section class=\"elementor-section elementor-top-section elementor-element elementor-element-4e8129d elementor-section-boxed elementor-section-height-default elementor-section-height-default elementor-invisible\" data-id=\"4e8129d\" data-element_type=\"section\" data-settings=\"{&quot;animation&quot;:&quot;fadeInLeft&quot;,&quot;animation_delay&quot;:200}\">\n\t\t\t\t\t\t<div class=\"elementor-container elementor-column-gap-default\">\n\t\t\t\t\t<div class=\"elementor-column elementor-col-100 elementor-top-column elementor-element elementor-element-1b41262\" data-id=\"1b41262\" data-element_type=\"column\">\n\t\t\t<div class=\"elementor-widget-wrap elementor-element-populated\">\n\t\t\t\t\t\t\t\t<section class=\"elementor-section elementor-inner-section elementor-element elementor-element-9fd8f61 elementor-section-boxed elementor-section-height-default elementor-section-height-default\" data-id=\"9fd8f61\" data-element_type=\"section\">\n\t\t\t\t\t\t<div class=\"elementor-container elementor-column-gap-default\">\n\t\t\t\t\t<div class=\"elementor-column elementor-col-50 elementor-inner-column elementor-element elementor-element-b501bdf\" data-id=\"b501bdf\" data-element_type=\"column\">\n\t\t\t<div class=\"elementor-widget-wrap elementor-element-populated\">\n\t\t\t\t\t\t\t\t<div class=\"elementor-element elementor-element-e0f9b59 elementor-widget elementor-widget-image\" data-id=\"e0f9b59\" data-element_type=\"widget\" data-widget_type=\"image.default\">\n\t\t\t\t<div class=\"elementor-widget-container\">\n\t\t\t<style>\/*! elementor - v3.11.5 - 14-03-2023 *\/\n.elementor-widget-image{text-align:center}.elementor-widget-image a{display:inline-block}.elementor-widget-image a img[src$=\".svg\"]{width:48px}.elementor-widget-image img{vertical-align:middle;display:inline-block}<\/style>\t\t\t\t\t\t\t\t\t\t\t\t<img width=\"150\" height=\"150\" src=\"https:\/\/esciencia.es\/wp-content\/uploads\/2023\/07\/RafaelPagan_web-1-150x150.jpg\" class=\"attachment-thumbnail size-thumbnail wp-image-2673\" alt=\"\" loading=\"lazy\" srcset=\"https:\/\/esciencia.es\/wp-content\/uploads\/2023\/07\/RafaelPagan_web-1-150x150.jpg 150w, https:\/\/esciencia.es\/wp-content\/uploads\/2023\/07\/RafaelPagan_web-1-300x300.jpg 300w, https:\/\/esciencia.es\/wp-content\/uploads\/2023\/07\/RafaelPagan_web-1-12x12.jpg 12w, https:\/\/esciencia.es\/wp-content\/uploads\/2023\/07\/RafaelPagan_web-1-250x250.jpg 250w, https:\/\/esciencia.es\/wp-content\/uploads\/2023\/07\/RafaelPagan_web-1-575x575.jpg 575w, https:\/\/esciencia.es\/wp-content\/uploads\/2023\/07\/RafaelPagan_web-1-380x380.jpg 380w, https:\/\/esciencia.es\/wp-content\/uploads\/2023\/07\/RafaelPagan_web-1.jpg 600w\" sizes=\"(max-width: 150px) 100vw, 150px\" \/>\t\t\t\t\t\t\t\t\t\t\t\t\t\t\t<\/div>\n\t\t\t\t<\/div>\n\t\t\t\t\t<\/div>\n\t\t<\/div>\n\t\t\t\t<div class=\"elementor-column elementor-col-50 elementor-inner-column elementor-element elementor-element-b98f325\" data-id=\"b98f325\" data-element_type=\"column\">\n\t\t\t<div class=\"elementor-widget-wrap elementor-element-populated\">\n\t\t\t\t\t\t\t\t<div class=\"elementor-element elementor-element-3fd0849 elementor-widget elementor-widget-heading\" data-id=\"3fd0849\" data-element_type=\"widget\" data-widget_type=\"heading.default\">\n\t\t\t\t<div class=\"elementor-widget-container\">\n\t\t\t<style>\/*! elementor - v3.11.5 - 14-03-2023 *\/\n.elementor-heading-title{padding:0;margin:0;line-height:1}.elementor-widget-heading .elementor-heading-title[class*=elementor-size-]>a{color:inherit;font-size:inherit;line-height:inherit}.elementor-widget-heading .elementor-heading-title.elementor-size-small{font-size:15px}.elementor-widget-heading .elementor-heading-title.elementor-size-medium{font-size:19px}.elementor-widget-heading .elementor-heading-title.elementor-size-large{font-size:29px}.elementor-widget-heading .elementor-heading-title.elementor-size-xl{font-size:39px}.elementor-widget-heading .elementor-heading-title.elementor-size-xxl{font-size:59px}<\/style><h2 class=\"elementor-heading-title elementor-size-medium\">Rafael Pag\u00e1n, <br>Director of the Aragon Food Institute (IA2)<\/h2>\t\t<\/div>\n\t\t\t\t<\/div>\n\t\t\t\t<div class=\"elementor-element elementor-element-f09a260 elementor-widget elementor-widget-text-editor\" data-id=\"f09a260\" data-element_type=\"widget\" data-widget_type=\"text-editor.default\">\n\t\t\t\t<div class=\"elementor-widget-container\">\n\t\t\t\t\t\t\t<p>\"Working with Esciencia is synonymous with professionalism. They are specialists in effectively combining creativity, knowledge, and innovation in scientific dissemination. An excellent team capable of understanding your needs and expectations and transforming them into satisfactory results.\"<\/p>\t\t\t\t\t\t<\/div>\n\t\t\t\t<\/div>\n\t\t\t\t\t<\/div>\n\t\t<\/div>\n\t\t\t\t\t\t\t<\/div>\n\t\t<\/section>\n\t\t\t\t\t<\/div>\n\t\t<\/div>\n\t\t\t\t\t\t\t<\/div>\n\t\t<\/section>\n\t\t\t\t<section class=\"elementor-section elementor-top-section elementor-element elementor-element-543a7ad elementor-section-content-middle elementor-section-boxed elementor-section-height-default elementor-section-height-default\" data-id=\"543a7ad\" data-element_type=\"section\">\n\t\t\t\t\t\t<div class=\"elementor-container elementor-column-gap-default\">\n\t\t\t\t\t<div class=\"elementor-column elementor-col-100 elementor-top-column elementor-element elementor-element-32de28e\" data-id=\"32de28e\" data-element_type=\"column\">\n\t\t\t<div class=\"elementor-widget-wrap elementor-element-populated\">\n\t\t\t\t\t\t\t\t<section class=\"elementor-section elementor-inner-section elementor-element elementor-element-5d3afbe elementor-section-boxed elementor-section-height-default elementor-section-height-default elementor-invisible\" data-id=\"5d3afbe\" data-element_type=\"section\" data-settings=\"{&quot;animation&quot;:&quot;fadeInRight&quot;,&quot;animation_delay&quot;:200}\">\n\t\t\t\t\t\t<div class=\"elementor-container elementor-column-gap-default\">\n\t\t\t\t\t<div class=\"elementor-column elementor-col-50 elementor-inner-column elementor-element elementor-element-d4ab2cc\" data-id=\"d4ab2cc\" data-element_type=\"column\">\n\t\t\t<div class=\"elementor-widget-wrap elementor-element-populated\">\n\t\t\t\t\t\t\t\t<div class=\"elementor-element elementor-element-c81eb13 elementor-widget elementor-widget-heading\" data-id=\"c81eb13\" data-element_type=\"widget\" data-widget_type=\"heading.default\">\n\t\t\t\t<div class=\"elementor-widget-container\">\n\t\t\t<h2 class=\"elementor-heading-title elementor-size-medium\">Cristina Mallor, <br>Head of the Horticultural Germplasm Bank at CITA<\/h2>\t\t<\/div>\n\t\t\t\t<\/div>\n\t\t\t\t<div class=\"elementor-element elementor-element-40a8ca9 elementor-widget elementor-widget-text-editor\" data-id=\"40a8ca9\" data-element_type=\"widget\" data-widget_type=\"text-editor.default\">\n\t\t\t\t<div class=\"elementor-widget-container\">\n\t\t\t\t\t\t\t<p>\"I have collaborated with Esciencia in two editions of the Citizen Science project <i>Ambassadors of Biodiversity<\/i>. Personally, I believe this partnership has been indispensable for the success of the initiative. The Esciencia team, with their experience in these types of projects, greatly facilitated the administrative aspects of management and justification, effectively contributed to the dissemination and organization of outreach activities, and was involved in the relationship with educational centers. Thank you very much for everything, team! It has been a pleasure working with all of you.\"<\/p>\t\t\t\t\t\t<\/div>\n\t\t\t\t<\/div>\n\t\t\t\t\t<\/div>\n\t\t<\/div>\n\t\t\t\t<div class=\"elementor-column elementor-col-50 elementor-inner-column elementor-element elementor-element-4b840bd\" data-id=\"4b840bd\" data-element_type=\"column\">\n\t\t\t<div class=\"elementor-widget-wrap elementor-element-populated\">\n\t\t\t\t\t\t\t\t<div class=\"elementor-element elementor-element-ec0251e elementor-widget elementor-widget-image\" data-id=\"ec0251e\" data-element_type=\"widget\" data-widget_type=\"image.default\">\n\t\t\t\t<div class=\"elementor-widget-container\">\n\t\t\t\t\t\t\t\t\t\t\t\t\t\t\t<img width=\"150\" height=\"150\" src=\"https:\/\/esciencia.es\/wp-content\/uploads\/2023\/07\/57-150x150.png\" class=\"attachment-thumbnail size-thumbnail wp-image-2674\" alt=\"\" loading=\"lazy\" srcset=\"https:\/\/esciencia.es\/wp-content\/uploads\/2023\/07\/57-150x150.png 150w, https:\/\/esciencia.es\/wp-content\/uploads\/2023\/07\/57.png 300w, https:\/\/esciencia.es\/wp-content\/uploads\/2023\/07\/57-12x12.png 12w, https:\/\/esciencia.es\/wp-content\/uploads\/2023\/07\/57-250x250.png 250w\" sizes=\"(max-width: 150px) 100vw, 150px\" \/>\t\t\t\t\t\t\t\t\t\t\t\t\t\t\t<\/div>\n\t\t\t\t<\/div>\n\t\t\t\t\t<\/div>\n\t\t<\/div>\n\t\t\t\t\t\t\t<\/div>\n\t\t<\/section>\n\t\t\t\t\t<\/div>\n\t\t<\/div>\n\t\t\t\t\t\t\t<\/div>\n\t\t<\/section>\n\t\t\t\t<section class=\"elementor-section elementor-top-section elementor-element elementor-element-2be6bd6 elementor-section-content-middle elementor-section-boxed elementor-section-height-default elementor-section-height-default elementor-invisible\" data-id=\"2be6bd6\" data-element_type=\"section\" data-settings=\"{&quot;animation&quot;:&quot;fadeInLeft&quot;,&quot;animation_delay&quot;:0}\">\n\t\t\t\t\t\t<div class=\"elementor-container elementor-column-gap-default\">\n\t\t\t\t\t<div class=\"elementor-column elementor-col-50 elementor-top-column elementor-element elementor-element-0ff0d4c\" data-id=\"0ff0d4c\" data-element_type=\"column\">\n\t\t\t<div class=\"elementor-widget-wrap elementor-element-populated\">\n\t\t\t\t\t\t\t\t<div class=\"elementor-element elementor-element-437aad5 elementor-widget elementor-widget-image\" data-id=\"437aad5\" data-element_type=\"widget\" data-widget_type=\"image.default\">\n\t\t\t\t<div class=\"elementor-widget-container\">\n\t\t\t\t\t\t\t\t\t\t\t\t\t\t\t<img width=\"241\" height=\"209\" src=\"https:\/\/esciencia.es\/wp-content\/uploads\/2024\/11\/scott-mitchell.jpg\" class=\"attachment-medium size-medium wp-image-3215\" alt=\"\" loading=\"lazy\" srcset=\"https:\/\/esciencia.es\/wp-content\/uploads\/2024\/11\/scott-mitchell.jpg 241w, https:\/\/esciencia.es\/wp-content\/uploads\/2024\/11\/scott-mitchell-14x12.jpg 14w\" sizes=\"(max-width: 241px) 100vw, 241px\" \/>\t\t\t\t\t\t\t\t\t\t\t\t\t\t\t<\/div>\n\t\t\t\t<\/div>\n\t\t\t\t\t<\/div>\n\t\t<\/div>\n\t\t\t\t<div class=\"elementor-column elementor-col-50 elementor-top-column elementor-element elementor-element-70a1d04\" data-id=\"70a1d04\" data-element_type=\"column\">\n\t\t\t<div class=\"elementor-widget-wrap elementor-element-populated\">\n\t\t\t\t\t\t\t\t<section class=\"elementor-section elementor-inner-section elementor-element elementor-element-e12645b elementor-section-boxed elementor-section-height-default elementor-section-height-default\" data-id=\"e12645b\" data-element_type=\"section\">\n\t\t\t\t\t\t<div class=\"elementor-container elementor-column-gap-default\">\n\t\t\t\t\t<div class=\"elementor-column elementor-col-100 elementor-inner-column elementor-element elementor-element-088b2f7\" data-id=\"088b2f7\" data-element_type=\"column\" data-settings=\"{&quot;animation&quot;:&quot;none&quot;}\">\n\t\t\t<div class=\"elementor-widget-wrap elementor-element-populated\">\n\t\t\t\t\t\t\t\t<div class=\"elementor-element elementor-element-2164539 elementor-widget elementor-widget-heading\" data-id=\"2164539\" data-element_type=\"widget\" data-widget_type=\"heading.default\">\n\t\t\t\t<div class=\"elementor-widget-container\">\n\t\t\t<h2 class=\"elementor-heading-title elementor-size-medium\">Scott Mitchell, representante de la PTI-PAI del CSIC-Jornadas JIP (MAN, Madrid, Marzo, 2023)<\/h2>\t\t<\/div>\n\t\t\t\t<\/div>\n\t\t\t\t<div class=\"elementor-element elementor-element-71a5049 elementor-widget elementor-widget-text-editor\" data-id=\"71a5049\" data-element_type=\"widget\" data-widget_type=\"text-editor.default\">\n\t\t\t\t<div class=\"elementor-widget-container\">\n\t\t\t\t\t\t\t<p class=\"MsoListParagraph\">Problem solving, rapid adaptation to unexpected changes, and swift communication were key elements for the success of this inaugural JIP Symposium. Collaborating with Sergio and Sara from Esciencia has been effortless and quick. We are keen to repeat the experience in 2025.<\/p>\t\t\t\t\t\t<\/div>\n\t\t\t\t<\/div>\n\t\t\t\t\t<\/div>\n\t\t<\/div>\n\t\t\t\t\t\t\t<\/div>\n\t\t<\/section>\n\t\t\t\t\t<\/div>\n\t\t<\/div>\n\t\t\t\t\t\t\t<\/div>\n\t\t<\/section>\n\t\t\t\t\t\t\t<\/div>","protected":false},"excerpt":{"rendered":"<p>\u00a1LA OPINI\u00d3N DE NUESTROS CLIENTES ES FUNDAMENTAL\u00a0PARA NUESTRO TRABAJO DIARIO! \u00a1Mil gracias por vuestras rese\u00f1as! Rafael Pag\u00e1n, director del Instituto Agroalimentario de Arag\u00f3n (IA2) \u00abTrabajar con Esciencia es sin\u00f3nimo de [&hellip;]<\/p>","protected":false},"author":1,"featured_media":0,"parent":0,"menu_order":0,"comment_status":"closed","ping_status":"closed","template":"","meta":[],"_links":{"self":[{"href":"https:\/\/esciencia.es\/en\/wp-json\/wp\/v2\/pages\/2670"}],"collection":[{"href":"https:\/\/esciencia.es\/en\/wp-json\/wp\/v2\/pages"}],"about":[{"href":"https:\/\/esciencia.es\/en\/wp-json\/wp\/v2\/types\/page"}],"author":[{"embeddable":true,"href":"https:\/\/esciencia.es\/en\/wp-json\/wp\/v2\/users\/1"}],"replies":[{"embeddable":true,"href":"https:\/\/esciencia.es\/en\/wp-json\/wp\/v2\/comments?post=2670"}],"version-history":[{"count":66,"href":"https:\/\/esciencia.es\/en\/wp-json\/wp\/v2\/pages\/2670\/revisions"}],"predecessor-version":[{"id":3287,"href":"https:\/\/esciencia.es\/en\/wp-json\/wp\/v2\/pages\/2670\/revisions\/3287"}],"wp:attachment":[{"href":"https:\/\/esciencia.es\/en\/wp-json\/wp\/v2\/media?parent=2670"}],"curies":[{"name":"wp","href":"https:\/\/api.w.org\/{rel}","templated":true}]}}