{"id":360,"date":"2020-10-15T07:10:24","date_gmt":"2020-10-15T07:10:24","guid":{"rendered":"https:\/\/esciencia.es\/?page_id=360"},"modified":"2024-04-02T11:29:01","modified_gmt":"2024-04-02T11:29:01","slug":"politica-de-privacidad","status":"publish","type":"page","link":"https:\/\/esciencia.es\/en\/politica-de-privacidad\/","title":{"rendered":"Privacy policy"},"content":{"rendered":"<div data-elementor-type=\"wp-page\" data-elementor-id=\"360\" class=\"elementor elementor-360\">\n\t\t\t\t\t\t\t\t\t<section class=\"elementor-section elementor-top-section elementor-element elementor-element-2d9558c1 elementor-section-boxed elementor-section-height-default elementor-section-height-default\" data-id=\"2d9558c1\" data-element_type=\"section\">\n\t\t\t\t\t\t<div class=\"elementor-container elementor-column-gap-default\">\n\t\t\t\t\t<div class=\"elementor-column elementor-col-100 elementor-top-column elementor-element elementor-element-19380141\" data-id=\"19380141\" data-element_type=\"column\">\n\t\t\t<div class=\"elementor-widget-wrap elementor-element-populated\">\n\t\t\t\t\t\t\t\t<div class=\"elementor-element elementor-element-4cd53d92 elementor-widget elementor-widget-text-editor\" data-id=\"4cd53d92\" data-element_type=\"widget\" data-widget_type=\"text-editor.default\">\n\t\t\t\t<div class=\"elementor-widget-container\">\n\t\t\t<style>\/*! elementor - v3.11.5 - 14-03-2023 *\/\n.elementor-widget-text-editor.elementor-drop-cap-view-stacked .elementor-drop-cap{background-color:#818a91;color:#fff}.elementor-widget-text-editor.elementor-drop-cap-view-framed .elementor-drop-cap{color:#818a91;border:3px solid;background-color:transparent}.elementor-widget-text-editor:not(.elementor-drop-cap-view-default) .elementor-drop-cap{margin-top:8px}.elementor-widget-text-editor:not(.elementor-drop-cap-view-default) .elementor-drop-cap-letter{width:1em;height:1em}.elementor-widget-text-editor .elementor-drop-cap{float:left;text-align:center;line-height:1;font-size:50px}.elementor-widget-text-editor .elementor-drop-cap-letter{display:inline-block}<\/style>\t\t\t\t<h1>Privacy policy<\/h1>\n<p><strong>ESCIENCIA EVENTOS CIENT\u00cdFICOS, S.L.<\/strong> informs users of the website about its policy regarding the processing and protection of personal data of users and customers that may be collected by browsing or contracting services through its website.<\/p>\n<p>In this regard, <strong>ESCIENCIA EVENTOS CIENT\u00cdFICOS, S.L.<\/strong> garantiza el cumplimiento de la normativa vigente en materia de protecci\u00f3n de datos personales, reflejada en el Reglamento General de Protecci\u00f3n de Datos 2016\/679 de 27 de abril de 2016 as\u00ed como la legislaci\u00f3n vigente en nuestro pa\u00eds referentes a la protecci\u00f3n de datos de car\u00e1cter personal,&nbsp; y en el Real Decreto 1720\/2007, de 21 diciembre, por el que se aprueba el Reglamento de Desarrollo de la LOPD. El uso de esta web implica la aceptaci\u00f3n de esta pol\u00edtica de privacidad.<\/p>\n<h1>Responsible<\/h1>\n<h4><em>Who is the Data Controller of your data?<\/em><\/h4>\n<p><strong>1.1 Contact details of the Responsible<\/strong><\/p>\n<p>The data controller of the data collected through this website is <strong>ESCIENCIA EVENTOS CIENTIFICOS, S.L.<\/strong> with address <strong>CALLE BILBILIS, 18 NAVE C-70 CP 50197 ZARAGOZA<\/strong> and VAT NUMBER <strong>B99097123<\/strong>. You can contact the responsible person by sending an email to the following address <a href=\"mailto:esciencia.LOPD@gmail.com\">esciencia.LOPD@gmail.com<\/a><\/p>\n<p><strong>1.2 Datos de contacto <br><\/strong><\/p>\n<p>Para cualquier cuesti\u00f3n en Protecci\u00f3n de Datos, escriba un email a esciencia.LOPD@gmail.com<\/p>\n<h1>Purpose<\/h1>\n<h4><em>For what purpose do we process your personal data?<\/em><\/h4>\n<p><strong>2.1 Extended description of the purposes of processing<\/strong><\/p>\n<p>The data you provide will be used for the following purposes:<\/p>\n<ul>\n<li>The attention to requests made by users<\/li>\n<li>Listing in the contact directory<\/li>\n<li>Providing services<\/li>\n<li>The management of the commercial and employment relationship<\/li>\n<\/ul>\n<p><strong>&nbsp;2.2 Time limits or criteria for data retention<\/strong><\/p>\n<p>We will retain the data for as long as is necessary to fulfil the request and comply with the required legal obligations. The data you have provided to us will be retained for as long as it is necessary for the purposes indicated in point 2.1., or will also be stored for the time required by various applicable laws.<\/p>\n<p><strong>&nbsp;2.3 Automated decisions, profiling and applied logic<\/strong><\/p>\n<p><strong>&nbsp;<\/strong>Data collected through the website will not be used for automated decision-making.<\/p>\n<h1>Legitimacy<\/h1>\n<h4><em>What is the legitimacy for the processing of your data?<\/em><\/h4>\n<p><strong>3.1 Applicable legislation<\/strong><\/p>\n<p>La legislaci\u00f3n aplicada es el Reglamento General de Protecci\u00f3n de Datos 2016\/679 de 27 de abril de 2016 as\u00ed como la Ley Org\u00e1nica 3\/2018, de 5 de diciembre, de Protecci\u00f3n de Datos Personales y garant\u00eda de los derechos digitales.<\/p>\n<p><strong>&nbsp;3.2 Details of the legal basis for processing, in cases of legal obligation, public interest or public interest or legitimate interest<\/strong><\/p>\n<p>The use of the data you provide to us is lawful because you give us your consent or authorisation to use your data for the purposes set out in point 2.1.<\/p>\n<p><strong>&nbsp;3.3 Obligation or not to provide data and the consequences of not providing data<\/strong><\/p>\n<p>You are not obliged to provide us with the data, however, it will be necessary in order to be able to manage the suggestions or requests that you need to make through the website.<\/p>\n<h1>Recipients<\/h1>\n<h4><em>To whom is your data disclosed?<\/em><\/h4>\n<p><strong>4.1 Recipients or categories of recipients<\/strong><\/p>\n<p>Organizaciones o personas directamente relacionadas con la empresa, Administraci\u00f3n p\u00fablica con competencia en la materia. Es posible que encargados de tratamiento puedan acceder a los datos facilitados mediante esta p\u00e1gina web por el ejercicio de sus funciones de mantenimiento.<\/p>\n<p><strong>&nbsp;4.2 Appropriateness decisions, warranties, binding corporate rules or specific applicable situations<\/strong><\/p>\n<p>There are none.<\/p>\n<p><strong>&nbsp;4.3 Transferencias internacionales<br><\/strong><\/p>\n<p>There are none.<\/p>\n<p><strong>ESCIENCIA EVENTOS CIENT\u00cdFICOS, S.L.<\/strong> informs users that their personal data will not be transferred to third party organisations, except when such transfer of data is covered by a legal obligation or when the provision of a service implies the need for a contractual relationship with a data processor. In the latter case, data will only be transferred to the third party when <strong>ESCIENCIA EVENTOS CIENT\u00cdFICOS, S.L. <\/strong>has the express consent of the user.<\/p>\n<h1>Rights<\/h1>\n<h4><em>What are your rights when you provide us with your data?<\/em><\/h4>\n<p><strong>5.1 How to exercise your rights of access, rectification, deletion and portability of your data, and limitation of or opposition to its processing.<\/strong><\/p>\n<p>El interesado podr\u00e1 conocer, modificar, o eliminar&nbsp; los datos que la empresa posea acerca de su persona mediante correo electr\u00f3nico a <a href=\"mailto:esciencia.LOPD@gmail.com\">esciencia.LOPD@gmail.com<\/a> or by post, providing his\/her ID card to: <strong>CALLE BILBILIS, 18 C-70 CP: 50197 ZARAGOZA<\/strong>. El interesado podr\u00e1 transferir sus datos a otra entidad o bien limitar los ya existentes que la empresa posea acerca de su persona mediante correo electr\u00f3nico facilitando su DNI o bien por correo postal a la direcci\u00f3n arriba indicada.<br><\/p>\n<p><strong>5.2 Right to withdraw the Consent given<\/strong><\/p>\n<p>The interested party may withdraw the data that the company has about him\/her by sending an e-mail to esciencia.LOPD@gmail.com providing his\/her ID card or by post to <strong>CALLE BILBILIS, 18 NAVE C-70 CP: 50197 ZARAGOZA<\/strong>.<\/p>\n<p><strong>5.3 Right to complain to the Supervisory Authority<\/strong><\/p>\n<p>he interested party may complain to the Spanish Data Protection Agency about any incident that may arise.<\/p>\n<h1>Origin<\/h1>\n<h4><em>How did we obtain your data? And how do we use your data?<\/em><\/h4>\n<p><strong>6.1 Detailed information on the origin of the data<\/strong><\/p>\n<p>Provided by the data subject<\/p>\n<p><strong>6.2 Categories of data processed<\/strong><\/p>\n<p>- Name and surname.<\/p>\n<p>- Email address.<\/p>\n<p>- Telephone number.<\/p>\n<p>- Personal characteristics.<\/p>\n<p>- Images.<\/p>\n<p><strong>6.3 How we use your data<\/strong><\/p>\n<p>- Information about the activities we carry out that may be of interest to you.<\/p>\n<h1>Use of cookies and the activity file<\/h1>\n<p>The provider, on its own account or that of a third party contracted to provide measurement services, may use cookies when a user browses the website. <a href=\"https:\/\/esciencia.es\/en\/politica-de-cookies\/\">See Cookies Policy.<\/a>.<\/p>\n<h1>IP addresses<\/h1>\n<p>The website servers may automatically detect the IP address and domain name used by the user. An IP address is a number automatically assigned to a computer when it connects to the Internet. All this information is recorded in a duly registered server activity file that allows subsequent processing of the data in order to obtain purely statistical measurements that make it possible to know the number of page impressions, the number of visits made to the web services, the order of visits, the access point, etc.<\/p>\t\t\t\t\t\t<\/div>\n\t\t\t\t<\/div>\n\t\t\t\t\t<\/div>\n\t\t<\/div>\n\t\t\t\t\t\t\t<\/div>\n\t\t<\/section>\n\t\t\t\t\t\t\t<\/div>","protected":false},"excerpt":{"rendered":"<p>Pol\u00edtica de privacidad ESCIENCIA EVENTOS CIENT\u00cdFICOS, S.L. informa a los usuarios del sitio web sobre su pol\u00edtica respecto del tratamiento y protecci\u00f3n de los datos de car\u00e1cter personal de los [&hellip;]<\/p>","protected":false},"author":1,"featured_media":0,"parent":0,"menu_order":0,"comment_status":"closed","ping_status":"closed","template":"","meta":[],"_links":{"self":[{"href":"https:\/\/esciencia.es\/en\/wp-json\/wp\/v2\/pages\/360"}],"collection":[{"href":"https:\/\/esciencia.es\/en\/wp-json\/wp\/v2\/pages"}],"about":[{"href":"https:\/\/esciencia.es\/en\/wp-json\/wp\/v2\/types\/page"}],"author":[{"embeddable":true,"href":"https:\/\/esciencia.es\/en\/wp-json\/wp\/v2\/users\/1"}],"replies":[{"embeddable":true,"href":"https:\/\/esciencia.es\/en\/wp-json\/wp\/v2\/comments?post=360"}],"version-history":[{"count":8,"href":"https:\/\/esciencia.es\/en\/wp-json\/wp\/v2\/pages\/360\/revisions"}],"predecessor-version":[{"id":3026,"href":"https:\/\/esciencia.es\/en\/wp-json\/wp\/v2\/pages\/360\/revisions\/3026"}],"wp:attachment":[{"href":"https:\/\/esciencia.es\/en\/wp-json\/wp\/v2\/media?parent=360"}],"curies":[{"name":"wp","href":"https:\/\/api.w.org\/{rel}","templated":true}]}}