{"id":535,"date":"2022-08-02T07:32:00","date_gmt":"2022-08-02T07:32:00","guid":{"rendered":"https:\/\/esciencia.es\/?page_id=535"},"modified":"2026-03-18T12:04:35","modified_gmt":"2026-03-18T12:04:35","slug":"blog","status":"publish","type":"page","link":"https:\/\/esciencia.es\/en\/blog\/","title":{"rendered":"Diary"},"content":{"rendered":"<div data-elementor-type=\"wp-page\" data-elementor-id=\"535\" class=\"elementor elementor-535\">\n\t\t\t\t\t\t\t\t\t<section class=\"elementor-section elementor-top-section elementor-element elementor-element-f22c7d2 elementor-section-boxed elementor-section-height-default elementor-section-height-default\" data-id=\"f22c7d2\" data-element_type=\"section\">\n\t\t\t\t\t\t<div class=\"elementor-container elementor-column-gap-default\">\n\t\t\t\t\t<div class=\"elementor-column elementor-col-100 elementor-top-column elementor-element elementor-element-ce91990\" data-id=\"ce91990\" data-element_type=\"column\">\n\t\t\t<div class=\"elementor-widget-wrap elementor-element-populated\">\n\t\t\t\t\t\t\t\t<div class=\"elementor-element elementor-element-613f99d elementor-widget elementor-widget-spacer\" data-id=\"613f99d\" data-element_type=\"widget\" data-widget_type=\"spacer.default\">\n\t\t\t\t<div class=\"elementor-widget-container\">\n\t\t\t<style>\/*! elementor - v3.11.5 - 14-03-2023 *\/\n.elementor-column .elementor-spacer-inner{height:var(--spacer-size)}.e-con{--container-widget-width:100%}.e-con-inner>.elementor-widget-spacer,.e-con>.elementor-widget-spacer{width:var(--container-widget-width,var(--spacer-size));--align-self:var(--container-widget-align-self,initial);--flex-shrink:0}.e-con-inner>.elementor-widget-spacer>.elementor-widget-container,.e-con-inner>.elementor-widget-spacer>.elementor-widget-container>.elementor-spacer,.e-con>.elementor-widget-spacer>.elementor-widget-container,.e-con>.elementor-widget-spacer>.elementor-widget-container>.elementor-spacer{height:100%}.e-con-inner>.elementor-widget-spacer>.elementor-widget-container>.elementor-spacer>.elementor-spacer-inner,.e-con>.elementor-widget-spacer>.elementor-widget-container>.elementor-spacer>.elementor-spacer-inner{height:var(--container-widget-height,var(--spacer-size))}<\/style>\t\t<div class=\"elementor-spacer\">\n\t\t\t<div class=\"elementor-spacer-inner\"><\/div>\n\t\t<\/div>\n\t\t\t\t<\/div>\n\t\t\t\t<\/div>\n\t\t\t\t\t<\/div>\n\t\t<\/div>\n\t\t\t\t\t\t\t<\/div>\n\t\t<\/section>\n\t\t\t\t<section class=\"elementor-section elementor-top-section elementor-element elementor-element-bd081af elementor-section-content-middle elementor-hidden-tablet elementor-hidden-mobile elementor-section-boxed elementor-section-height-default elementor-section-height-default\" data-id=\"bd081af\" data-element_type=\"section\">\n\t\t\t\t\t\t<div class=\"elementor-container elementor-column-gap-default\">\n\t\t\t\t\t<div class=\"elementor-column elementor-col-100 elementor-top-column elementor-element elementor-element-51714b8\" data-id=\"51714b8\" data-element_type=\"column\">\n\t\t\t<div class=\"elementor-widget-wrap elementor-element-populated\">\n\t\t\t\t\t\t\t\t<div class=\"elementor-element elementor-element-fce9045 elementor-widget elementor-widget-blogmentor_blog_posts\" data-id=\"fce9045\" data-element_type=\"widget\" data-widget_type=\"blogmentor_blog_posts.default\">\n\t\t\t\t<div class=\"elementor-widget-container\">\n\t\t\t\t\t\n\t\t\t\t\t<div class=\"upl-main\">\n\t\t<div class=\"upl-container\">\n\t\t\t\t\t\t\t<div class=\"upl-left-section bm_content_box\">\n\t\t\t\t\t\t\t\t<div class=\"bm-post-image clearfix bm-hover-effect bm-hover-effect-opacity\">\n\t\t\t\t\t<div class=\"upl-image\" style=\"background-image: url('https:\/\/esciencia.es\/wp-content\/uploads\/2026\/03\/Diseno-sin-titulo-6.png')\"><\/div>\n\t\t\t\t<\/div>\n\t\t\t\t<div class=\"upl-author\"><img src=\"https:\/\/secure.gravatar.com\/avatar\/39bd9936a6776fc61e06fa791088836c?s=96&d=mm&r=g\"><\/div>\n\t\t\t\t<div class=\"upl-title bm_title\"><a href=\"https:\/\/esciencia.es\/en\/esciencia-se-incorpora-a-la-alianza-steam-aragon\/\" rel=\"bookmark\">ESCIENCIA joins the +STEAM Arag\u00f3n alliance<\/a><\/div>\t\t\t\t\t<div class=\"upl-excerpt bm_content\"> At the beginning of 2026, ESCIENCIA joined the public\u2013private alliance +STEAM Arag\u00f3n as a collaborating entity, alongside Endesa, Origen Corporaci\u00f3n and the San Juan de Dios Hospital in Zaragoza.\n\nWith more than 60 committed organisations, the alliance works at a regional level to promote vocations and training in the five STEAM disciplines.\n\nBeing part of +STEAM Arag\u00f3n will allow us to participate in strategic actions throughout 2026 and strengthen many of our initiatives, such as the celebration of the II STEAM GIRLS DAY or the Mobility STEAM Camps.\n\nFor more than 20 years we have been working to strengthen these fields in our region, expanding opportunities for the local population through activities that combine learning and fun in innovative formats.\n\nFrom a business perspective, joining this network allows us to collaborate with Arag\u00f3n\u2019s scientific and technological talent and continue raising the quality and impact of the services and projects we develop.\n\nWe are excited about this opportunity and look forward to continuing to work so that STEAM keeps growing in our community\u2026 <\/div>\n\t\t\t\t\t\t\t<\/div>\n\t\t\t\n\t\t\t\t\t\t<div class=\"upl-right-section\">\n\t\t\t\t<div class=\"upl-top bm_content_box\">\n\t\t\t\t\t<div class=\"bm-post-image clearfix bm-hover-effect bm-hover-effect-opacity\">\n\t\t\t\t\t\t<div class=\"upl-image\" style=\"background-image: url('https:\/\/esciencia.es\/wp-content\/uploads\/2026\/03\/Diseno-sin-titulo-5.png')\"><\/div>\n\t\t\t\t\t<\/div>\n\t\t\t\t\t<div class=\"upl-author\">\n\t\t\t\t\t\t<img src=\"https:\/\/secure.gravatar.com\/avatar\/39bd9936a6776fc61e06fa791088836c?s=96&d=mm&r=g\">\n\t\t\t\t\t<\/div>\n\t\t\t\t\t<div class=\"upl-title bm_title\"><a href=\"https:\/\/esciencia.es\/en\/formando-al-futuro-de-la-investigacion-con-aristos\/\" rel=\"bookmark\">Training the future of research with ARISTOS!<\/a><\/div>\t\t\t\t\t\t<div class=\"upl-excerpt bm_content\"> On March 4, we delivered the second scientific communication session for the postdoctoral researchers of the ARISTOS programme, a project co-funded by the European Union under the MSCA actions. <\/div>\n\t\t\t\t\t\t\t\t\t<\/div>\n\t\t\t\t\t\t\t<div class=\"upl-bottom bm_content_box\">\n\t\t\t\t\t<div class=\"bm-post-image clearfix bm-hover-effect bm-hover-effect-opacity\">\n\t\t\t\t\t\t<div class=\"upl-image\" style=\"background-image: url('https:\/\/esciencia.es\/wp-content\/uploads\/2026\/03\/Diseno-sin-titulo-2.png')\"><\/div>\n\t\t\t\t\t<\/div>\n\t\t\t\t\t<div class=\"upl-author\">\n\t\t\t\t\t\t<img src=\"https:\/\/secure.gravatar.com\/avatar\/39bd9936a6776fc61e06fa791088836c?s=96&d=mm&r=g\">\n\t\t\t\t\t<\/div>\n\t\t\t\t\t<div class=\"upl-title bm_title\"><a href=\"https:\/\/esciencia.es\/en\/volvio-el-pabellon-de-la-ciencia-fundacion-ibercaja\/\" rel=\"bookmark\">The Ibercaja Foundation Science Pavilion is back!<\/a><\/div>\t\t\t\t\t\t<div class=\"upl-excerpt bm_content\"> Last December we were at the Zaragoza Conference Centre to relaunch this initiative... <\/div>\n\t\t\t\t\t\t\t\t\t<\/div>\n\t\t\t\t\t\t<\/div>\n\t\t<\/div>\n\t<\/div>\n\n\t<div class=\"upl-second-section\">\n\t\t\t\t\t<div class=\"upl-second bm_content_box\">\n\t\t\t\t<div class=\"bm-post-image clearfix bm-hover-effect bm-hover-effect-opacity\">\n\t\t\t\t\t<div class=\"upl-image\" style=\"background-image: url('https:\/\/esciencia.es\/wp-content\/uploads\/2026\/03\/Diseno-sin-titulo-4.png')\"><\/div>\n\t\t\t\t<\/div>\n\t\t\t\t<div class=\"upl-author\">\n\t\t\t\t\t<img src=\"https:\/\/secure.gravatar.com\/avatar\/39bd9936a6776fc61e06fa791088836c?s=96&d=mm&r=g\">\n\t\t\t\t<\/div>\n\t\t\t\t<div class=\"upl-title bm_title\"><a href=\"https:\/\/esciencia.es\/en\/la-noche-de-la-investigacion-2025-inolvidable\/\" rel=\"bookmark\">Research Night 2025: Unforgettable!<\/a><\/div>\t\t\t\t\t<div class=\"upl-excerpt bm_content\"> El pasado 26 de septiembre, nueve ciudades espa\u00f1olas se convirtieron en escenarios&hellip; <\/div>\n\t\t\t\t\t\t\t<\/div>\n\t\t\t\t\t<div class=\"upl-second bm_content_box\">\n\t\t\t\t<div class=\"bm-post-image clearfix bm-hover-effect bm-hover-effect-opacity\">\n\t\t\t\t\t<div class=\"upl-image\" style=\"background-image: url('https:\/\/esciencia.es\/wp-content\/uploads\/2026\/03\/Diseno-sin-titulo-7.png')\"><\/div>\n\t\t\t\t<\/div>\n\t\t\t\t<div class=\"upl-author\">\n\t\t\t\t\t<img src=\"https:\/\/secure.gravatar.com\/avatar\/39bd9936a6776fc61e06fa791088836c?s=96&d=mm&r=g\">\n\t\t\t\t<\/div>\n\t\t\t\t<div class=\"upl-title bm_title\"><a href=\"https:\/\/esciencia.es\/en\/steam-girls-day-haciendo-historia-en-nuestra-comunidad\/\" rel=\"bookmark\">STEAM Girls Day: making history in our community<\/a><\/div>\t\t\t\t\t<div class=\"upl-excerpt bm_content\"> Se hizo historia este pasado 14 de octubre con la celebraci\u00f3n del&hellip; <\/div>\n\t\t\t\t\t\t\t<\/div>\n\t\t\t<\/div>\n\t\t<\/div>\n\t\t\t\t<\/div>\n\t\t\t\t\t<\/div>\n\t\t<\/div>\n\t\t\t\t\t\t\t<\/div>\n\t\t<\/section>\n\t\t\t\t\t\t\t<\/div>","protected":false},"excerpt":{"rendered":"<p>ESCIENCIA se incorpora a la alianza +STEAM Arag\u00f3n A principios de este 2026, ESCIENCIA se incorpor\u00f3 como entidad colaboradora a la alianza p\u00fablico-privada de +STEAM Arag\u00f3n, junto a Endesa, Origen [&hellip;]<\/p>","protected":false},"author":1,"featured_media":0,"parent":0,"menu_order":0,"comment_status":"closed","ping_status":"closed","template":"","meta":[],"_links":{"self":[{"href":"https:\/\/esciencia.es\/en\/wp-json\/wp\/v2\/pages\/535"}],"collection":[{"href":"https:\/\/esciencia.es\/en\/wp-json\/wp\/v2\/pages"}],"about":[{"href":"https:\/\/esciencia.es\/en\/wp-json\/wp\/v2\/types\/page"}],"author":[{"embeddable":true,"href":"https:\/\/esciencia.es\/en\/wp-json\/wp\/v2\/users\/1"}],"replies":[{"embeddable":true,"href":"https:\/\/esciencia.es\/en\/wp-json\/wp\/v2\/comments?post=535"}],"version-history":[{"count":82,"href":"https:\/\/esciencia.es\/en\/wp-json\/wp\/v2\/pages\/535\/revisions"}],"predecessor-version":[{"id":3444,"href":"https:\/\/esciencia.es\/en\/wp-json\/wp\/v2\/pages\/535\/revisions\/3444"}],"wp:attachment":[{"href":"https:\/\/esciencia.es\/en\/wp-json\/wp\/v2\/media?parent=535"}],"curies":[{"name":"wp","href":"https:\/\/api.w.org\/{rel}","templated":true}]}}